{"id":772,"date":"2015-03-27T20:55:32","date_gmt":"2015-03-27T19:55:32","guid":{"rendered":"http:\/\/www.jet-vill.hu\/?page_id=772"},"modified":"2016-02-16T08:26:03","modified_gmt":"2016-02-16T07:26:03","slug":"szechenyi-2020","status":"publish","type":"page","link":"https:\/\/www.jet-vill.hu\/ro\/szechenyi-2020\/","title":{"rendered":"Sz\u00e9chenyi 2020"},"content":{"rendered":"<p class=\"qtranxs-available-languages-message qtranxs-available-languages-message-ro\">Din p\u0103cate acest articol este disponibil doar \u00een <a href=\"https:\/\/www.jet-vill.hu\/hu\/wp-json\/wp\/v2\/pages\/772\" class=\"qtranxs-available-language-link qtranxs-available-language-link-hu\" title=\"Magyar\">Maghiar\u0103<\/a> \u0219i <a href=\"https:\/\/www.jet-vill.hu\/en\/wp-json\/wp\/v2\/pages\/772\" class=\"qtranxs-available-language-link qtranxs-available-language-link-en\" title=\"English\">Englez\u0103 American\u0103<\/a>.<\/p>","protected":false},"excerpt":{"rendered":"Din p\u0103cate acest articol este disponibil doar \u00een Maghiar\u0103 \u0219i Englez\u0103 American\u0103.","protected":false},"author":6,"featured_media":0,"parent":0,"menu_order":6,"comment_status":"open","ping_status":"open","template":"","meta":[],"yoast_head":"<!-- This site is optimized with the Yoast SEO plugin v16.5 - https:\/\/yoast.com\/wordpress\/plugins\/seo\/ -->\n<title>Sz\u00e9chenyi 2020 - Jet<\/title>\n<meta name=\"robots\" content=\"index, follow, max-snippet:-1, max-image-preview:large, max-video-preview:-1\" \/>\n<link rel=\"canonical\" href=\"https:\/\/www.jet-vill.hu\/szechenyi-2020\/\" \/>\n<meta property=\"og:locale\" content=\"ro_RO\" \/>\n<meta property=\"og:type\" content=\"article\" \/>\n<meta property=\"og:title\" content=\"Sz\u00e9chenyi 2020 - Jet\" \/>\n<meta property=\"og:description\" content=\"Din p\u0103cate acest articol este disponibil doar \u00een Maghiar\u0103 \u0219i Englez\u0103 American\u0103.\" \/>\n<meta property=\"og:url\" content=\"https:\/\/www.jet-vill.hu\/szechenyi-2020\/\" \/>\n<meta property=\"og:site_name\" content=\"Jet\" \/>\n<meta property=\"article:modified_time\" content=\"2016-02-16T07:26:03+00:00\" \/>\n<meta property=\"og:image\" content=\"https:\/\/www.jet-vill.hu\/wp-content\/uploads\/2016\/02\/1-150x150.png\" \/>\n<meta name=\"twitter:label1\" content=\"Timp estimat pentru citire\" \/>\n\t<meta name=\"twitter:data1\" content=\"10 minute\" \/>\n<script type=\"application\/ld+json\" class=\"yoast-schema-graph\">{\"@context\":\"https:\/\/schema.org\",\"@graph\":[{\"@type\":\"WebSite\",\"@id\":\"https:\/\/www.jet-vill.hu\/#website\",\"url\":\"https:\/\/www.jet-vill.hu\/\",\"name\":\"Jet\",\"description\":\"Vill\",\"potentialAction\":[{\"@type\":\"SearchAction\",\"target\":\"https:\/\/www.jet-vill.hu\/?s={search_term_string}\",\"query-input\":\"required name=search_term_string\"}],\"inLanguage\":\"ro-RO\"},{\"@type\":\"ImageObject\",\"@id\":\"https:\/\/www.jet-vill.hu\/szechenyi-2020\/#primaryimage\",\"inLanguage\":\"ro-RO\",\"url\":\"http:\/\/www.jet-vill.hu\/wp-content\/uploads\/2015\/03\/szechenyi-2020-250x176.jpg\",\"contentUrl\":\"http:\/\/www.jet-vill.hu\/wp-content\/uploads\/2015\/03\/szechenyi-2020-250x176.jpg\"},{\"@type\":\"WebPage\",\"@id\":\"https:\/\/www.jet-vill.hu\/szechenyi-2020\/#webpage\",\"url\":\"https:\/\/www.jet-vill.hu\/szechenyi-2020\/\",\"name\":\"Sz\\u00e9chenyi 2020 - Jet\",\"isPartOf\":{\"@id\":\"https:\/\/www.jet-vill.hu\/#website\"},\"primaryImageOfPage\":{\"@id\":\"https:\/\/www.jet-vill.hu\/szechenyi-2020\/#primaryimage\"},\"datePublished\":\"2015-03-27T19:55:32+00:00\",\"dateModified\":\"2016-02-16T07:26:03+00:00\",\"breadcrumb\":{\"@id\":\"https:\/\/www.jet-vill.hu\/szechenyi-2020\/#breadcrumb\"},\"inLanguage\":\"ro-RO\",\"potentialAction\":[{\"@type\":\"ReadAction\",\"target\":[\"https:\/\/www.jet-vill.hu\/szechenyi-2020\/\"]}]},{\"@type\":\"BreadcrumbList\",\"@id\":\"https:\/\/www.jet-vill.hu\/szechenyi-2020\/#breadcrumb\",\"itemListElement\":[{\"@type\":\"ListItem\",\"position\":1,\"name\":\"Kezd\\u0151lap\",\"item\":\"https:\/\/www.jet-vill.hu\/\"},{\"@type\":\"ListItem\",\"position\":2,\"name\":\"Sz\\u00e9chenyi 2020\"}]}]}<\/script>\n<!-- \/ Yoast SEO plugin. -->","_links":{"self":[{"href":"https:\/\/www.jet-vill.hu\/ro\/wp-json\/wp\/v2\/pages\/772"}],"collection":[{"href":"https:\/\/www.jet-vill.hu\/ro\/wp-json\/wp\/v2\/pages"}],"about":[{"href":"https:\/\/www.jet-vill.hu\/ro\/wp-json\/wp\/v2\/types\/page"}],"author":[{"embeddable":true,"href":"https:\/\/www.jet-vill.hu\/ro\/wp-json\/wp\/v2\/users\/6"}],"replies":[{"embeddable":true,"href":"https:\/\/www.jet-vill.hu\/ro\/wp-json\/wp\/v2\/comments?post=772"}],"version-history":[{"count":11,"href":"https:\/\/www.jet-vill.hu\/ro\/wp-json\/wp\/v2\/pages\/772\/revisions"}],"predecessor-version":[{"id":1276,"href":"https:\/\/www.jet-vill.hu\/ro\/wp-json\/wp\/v2\/pages\/772\/revisions\/1276"}],"wp:attachment":[{"href":"https:\/\/www.jet-vill.hu\/ro\/wp-json\/wp\/v2\/media?parent=772"}],"curies":[{"name":"wp","href":"https:\/\/api.w.org\/{rel}","templated":true}]}}