{"id":774,"date":"2015-03-27T20:56:25","date_gmt":"2015-03-27T19:56:25","guid":{"rendered":"http:\/\/www.jet-vill.hu\/?page_id=774"},"modified":"2016-01-13T10:26:41","modified_gmt":"2016-01-13T09:26:41","slug":"uj-szechenyi-terv","status":"publish","type":"page","link":"https:\/\/www.jet-vill.hu\/ru\/uj-szechenyi-terv\/","title":{"rendered":"\u00daj Sz\u00e9chenyi Terv"},"content":{"rendered":"<h2>Sikeres kutat\u00e1s-fejleszt\u00e9si p\u00e1ly\u00e1zat<\/h2>\n<p><a href=\"http:\/\/www.jet-vill.hu\/wp-content\/uploads\/2015\/03\/uszt.jpg\"><img loading=\"lazy\" width=\"250\" height=\"177\" class=\" size-medium wp-image-899 alignright colorbox-774\" src=\"http:\/\/www.jet-vill.hu\/wp-content\/uploads\/2015\/03\/uszt-250x177.jpg\" alt=\"uszt\" srcset=\"https:\/\/www.jet-vill.hu\/wp-content\/uploads\/2015\/03\/uszt-250x177.jpg 250w, https:\/\/www.jet-vill.hu\/wp-content\/uploads\/2015\/03\/uszt-120x85.jpg 120w, https:\/\/www.jet-vill.hu\/wp-content\/uploads\/2015\/03\/uszt.jpg 302w\" sizes=\"(max-width: 250px) 100vw, 250px\" \/><\/a>A JET-VILL Kft. &#171;\u00daj technol\u00f3gia infokommunik\u00e1ci\u00f3s \u00e9s m\u00e1s rendszerek k\u00f6zter\u00fcleti elhelyez\u00e9si probl\u00e9m\u00e1j\u00e1nak megold\u00e1s\u00e1ra&#187; c\u00edmmel t\u00e1mogat\u00e1st nyert a Kutat\u00e1si \u00e9s Technol\u00f3giai Innov\u00e1ci\u00f3s Alap finansz\u00edroz\u00e1s\u00e1ban a KMR_12-1 azonos\u00edt\u00f3val megjelent p\u00e1ly\u00e1zati ki\u00edr\u00e1son. A t\u00e1mogat\u00e1s \u00f6sszege: 41 709 702 Ft","protected":false},"excerpt":{"rendered":"Sikeres kutat\u00e1s-fejleszt\u00e9si p\u00e1ly\u00e1zat A JET-VILL Kft. &#171;\u00daj technol\u00f3gia infokommunik\u00e1ci\u00f3s \u00e9s m\u00e1s rendszerek k\u00f6zter\u00fcleti elhelyez\u00e9si probl\u00e9m\u00e1j\u00e1nak megold\u00e1s\u00e1ra&#187; c\u00edmmel t\u00e1mogat\u00e1st nyert a Kutat\u00e1si \u00e9s Technol\u00f3giai Innov\u00e1ci\u00f3s Alap finansz\u00edroz\u00e1s\u00e1ban a KMR_12-1 azonos\u00edt\u00f3val megjelent p\u00e1ly\u00e1zati ki\u00edr\u00e1son. A t\u00e1mogat\u00e1s \u00f6sszege: 41 709 702 Ft","protected":false},"author":6,"featured_media":0,"parent":0,"menu_order":5,"comment_status":"open","ping_status":"open","template":"","meta":[],"yoast_head":"<!-- This site is optimized with the Yoast SEO plugin v16.5 - https:\/\/yoast.com\/wordpress\/plugins\/seo\/ -->\n<title>\u00daj Sz\u00e9chenyi Terv - Jet<\/title>\n<meta name=\"robots\" content=\"index, follow, max-snippet:-1, max-image-preview:large, max-video-preview:-1\" \/>\n<link rel=\"canonical\" href=\"https:\/\/www.jet-vill.hu\/uj-szechenyi-terv\/\" \/>\n<meta property=\"og:locale\" content=\"ru_RU\" \/>\n<meta property=\"og:type\" content=\"article\" \/>\n<meta property=\"og:title\" content=\"[:hu]\u00daj Sz\u00e9chenyi Terv[:en]New Sz\u00e9chenyi Plan[:tr]\u00daj Sz\u00e9chenyi Terv[:ro]\u00daj Sz\u00e9chenyi Terv[:ru]\u00daj Sz\u00e9chenyi Terv[:] - Jet\" \/>\n<meta property=\"og:description\" content=\"Sikeres kutat\u00e1s-fejleszt\u00e9si p\u00e1ly\u00e1zat A JET-VILL Kft. &#171;\u00daj technol\u00f3gia infokommunik\u00e1ci\u00f3s \u00e9s m\u00e1s rendszerek k\u00f6zter\u00fcleti elhelyez\u00e9si probl\u00e9m\u00e1j\u00e1nak megold\u00e1s\u00e1ra&#187; c\u00edmmel t\u00e1mogat\u00e1st nyert a Kutat\u00e1si \u00e9s Technol\u00f3giai Innov\u00e1ci\u00f3s Alap finansz\u00edroz\u00e1s\u00e1ban a KMR_12-1 azonos\u00edt\u00f3val megjelent p\u00e1ly\u00e1zati ki\u00edr\u00e1son. A t\u00e1mogat\u00e1s \u00f6sszege: 41 709 702 Ft\" \/>\n<meta property=\"og:url\" content=\"https:\/\/www.jet-vill.hu\/uj-szechenyi-terv\/\" \/>\n<meta property=\"og:site_name\" content=\"Jet\" \/>\n<meta property=\"article:modified_time\" content=\"2016-01-13T09:26:41+00:00\" \/>\n<meta property=\"og:image\" content=\"https:\/\/www.jet-vill.hu\/wp-content\/uploads\/2015\/03\/uj-szechenyi-terv2-150x150.png\" \/>\n<meta name=\"twitter:label1\" content=\"\u041f\u0440\u0438\u043c\u0435\u0440\u043d\u043e\u0435 \u0432\u0440\u0435\u043c\u044f \u0434\u043b\u044f \u0447\u0442\u0435\u043d\u0438\u044f\" \/>\n\t<meta name=\"twitter:data1\" content=\"5 \u043c\u0438\u043d\u0443\u0442\" \/>\n<script type=\"application\/ld+json\" class=\"yoast-schema-graph\">{\"@context\":\"https:\/\/schema.org\",\"@graph\":[{\"@type\":\"WebSite\",\"@id\":\"https:\/\/www.jet-vill.hu\/#website\",\"url\":\"https:\/\/www.jet-vill.hu\/\",\"name\":\"Jet\",\"description\":\"Vill\",\"potentialAction\":[{\"@type\":\"SearchAction\",\"target\":\"https:\/\/www.jet-vill.hu\/?s={search_term_string}\",\"query-input\":\"required name=search_term_string\"}],\"inLanguage\":\"ru-RU\"},{\"@type\":\"ImageObject\",\"@id\":\"https:\/\/www.jet-vill.hu\/uj-szechenyi-terv\/#primaryimage\",\"inLanguage\":\"ru-RU\",\"url\":\"http:\/\/www.jet-vill.hu\/wp-content\/uploads\/2015\/03\/uszt-250x177.jpg\",\"contentUrl\":\"http:\/\/www.jet-vill.hu\/wp-content\/uploads\/2015\/03\/uszt-250x177.jpg\"},{\"@type\":\"WebPage\",\"@id\":\"https:\/\/www.jet-vill.hu\/uj-szechenyi-terv\/#webpage\",\"url\":\"https:\/\/www.jet-vill.hu\/uj-szechenyi-terv\/\",\"name\":\"[:hu]\\u00daj Sz\\u00e9chenyi Terv[:en]New Sz\\u00e9chenyi Plan[:tr]\\u00daj Sz\\u00e9chenyi Terv[:ro]\\u00daj Sz\\u00e9chenyi Terv[:ru]\\u00daj Sz\\u00e9chenyi Terv[:] - Jet\",\"isPartOf\":{\"@id\":\"https:\/\/www.jet-vill.hu\/#website\"},\"primaryImageOfPage\":{\"@id\":\"https:\/\/www.jet-vill.hu\/uj-szechenyi-terv\/#primaryimage\"},\"datePublished\":\"2015-03-27T19:56:25+00:00\",\"dateModified\":\"2016-01-13T09:26:41+00:00\",\"breadcrumb\":{\"@id\":\"https:\/\/www.jet-vill.hu\/uj-szechenyi-terv\/#breadcrumb\"},\"inLanguage\":\"ru-RU\",\"potentialAction\":[{\"@type\":\"ReadAction\",\"target\":[\"https:\/\/www.jet-vill.hu\/uj-szechenyi-terv\/\"]}]},{\"@type\":\"BreadcrumbList\",\"@id\":\"https:\/\/www.jet-vill.hu\/uj-szechenyi-terv\/#breadcrumb\",\"itemListElement\":[{\"@type\":\"ListItem\",\"position\":1,\"name\":\"Kezd\\u0151lap\",\"item\":\"https:\/\/www.jet-vill.hu\/\"},{\"@type\":\"ListItem\",\"position\":2,\"name\":\"\\u00daj Sz\\u00e9chenyi Terv\"}]}]}<\/script>\n<!-- \/ Yoast SEO plugin. -->","_links":{"self":[{"href":"https:\/\/www.jet-vill.hu\/ru\/wp-json\/wp\/v2\/pages\/774"}],"collection":[{"href":"https:\/\/www.jet-vill.hu\/ru\/wp-json\/wp\/v2\/pages"}],"about":[{"href":"https:\/\/www.jet-vill.hu\/ru\/wp-json\/wp\/v2\/types\/page"}],"author":[{"embeddable":true,"href":"https:\/\/www.jet-vill.hu\/ru\/wp-json\/wp\/v2\/users\/6"}],"replies":[{"embeddable":true,"href":"https:\/\/www.jet-vill.hu\/ru\/wp-json\/wp\/v2\/comments?post=774"}],"version-history":[{"count":23,"href":"https:\/\/www.jet-vill.hu\/ru\/wp-json\/wp\/v2\/pages\/774\/revisions"}],"predecessor-version":[{"id":1263,"href":"https:\/\/www.jet-vill.hu\/ru\/wp-json\/wp\/v2\/pages\/774\/revisions\/1263"}],"wp:attachment":[{"href":"https:\/\/www.jet-vill.hu\/ru\/wp-json\/wp\/v2\/media?parent=774"}],"curies":[{"name":"wp","href":"https:\/\/api.w.org\/{rel}","templated":true}]}}