{"id":832,"date":"2015-03-29T19:21:21","date_gmt":"2015-03-29T17:21:21","guid":{"rendered":"http:\/\/www.jet-vill.hu\/?page_id=832"},"modified":"2015-05-18T14:42:53","modified_gmt":"2015-05-18T12:42:53","slug":"cegtortenet","status":"publish","type":"page","link":"https:\/\/www.jet-vill.hu\/tr\/cegtortenet\/","title":{"rendered":"Company history"},"content":{"rendered":"","protected":false},"excerpt":{"rendered":"","protected":false},"author":6,"featured_media":0,"parent":0,"menu_order":4,"comment_status":"open","ping_status":"open","template":"page-cegtortenet.php","meta":[],"yoast_head":"<!-- This site is optimized with the Yoast SEO plugin v16.5 - https:\/\/yoast.com\/wordpress\/plugins\/seo\/ -->\n<title>Company history - Jet<\/title>\n<meta name=\"robots\" content=\"index, follow, max-snippet:-1, max-image-preview:large, max-video-preview:-1\" \/>\n<link rel=\"canonical\" href=\"https:\/\/www.jet-vill.hu\/cegtortenet\/\" \/>\n<meta property=\"og:locale\" content=\"tr_TR\" \/>\n<meta property=\"og:type\" content=\"article\" \/>\n<meta property=\"og:title\" content=\"[:hu]C\u00e9gt\u00f6rt\u00e9net[:en]Company history[:tr]Company history[:ro]Company history[:ru]Company history[:] - Jet\" \/>\n<meta property=\"og:url\" content=\"https:\/\/www.jet-vill.hu\/cegtortenet\/\" \/>\n<meta property=\"og:site_name\" content=\"Jet\" \/>\n<meta property=\"article:modified_time\" content=\"2015-05-18T12:42:53+00:00\" \/>\n<script type=\"application\/ld+json\" class=\"yoast-schema-graph\">{\"@context\":\"https:\/\/schema.org\",\"@graph\":[{\"@type\":\"WebSite\",\"@id\":\"https:\/\/www.jet-vill.hu\/#website\",\"url\":\"https:\/\/www.jet-vill.hu\/\",\"name\":\"Jet\",\"description\":\"Vill\",\"potentialAction\":[{\"@type\":\"SearchAction\",\"target\":\"https:\/\/www.jet-vill.hu\/?s={search_term_string}\",\"query-input\":\"required name=search_term_string\"}],\"inLanguage\":\"tr\"},{\"@type\":\"WebPage\",\"@id\":\"https:\/\/www.jet-vill.hu\/cegtortenet\/#webpage\",\"url\":\"https:\/\/www.jet-vill.hu\/cegtortenet\/\",\"name\":\"[:hu]C\\u00e9gt\\u00f6rt\\u00e9net[:en]Company history[:tr]Company history[:ro]Company history[:ru]Company history[:] - Jet\",\"isPartOf\":{\"@id\":\"https:\/\/www.jet-vill.hu\/#website\"},\"datePublished\":\"2015-03-29T17:21:21+00:00\",\"dateModified\":\"2015-05-18T12:42:53+00:00\",\"breadcrumb\":{\"@id\":\"https:\/\/www.jet-vill.hu\/cegtortenet\/#breadcrumb\"},\"inLanguage\":\"tr\",\"potentialAction\":[{\"@type\":\"ReadAction\",\"target\":[\"https:\/\/www.jet-vill.hu\/cegtortenet\/\"]}]},{\"@type\":\"BreadcrumbList\",\"@id\":\"https:\/\/www.jet-vill.hu\/cegtortenet\/#breadcrumb\",\"itemListElement\":[{\"@type\":\"ListItem\",\"position\":1,\"name\":\"Kezd\\u0151lap\",\"item\":\"https:\/\/www.jet-vill.hu\/\"},{\"@type\":\"ListItem\",\"position\":2,\"name\":\"C\\u00e9gt\\u00f6rt\\u00e9net\"}]}]}<\/script>\n<!-- \/ Yoast SEO plugin. -->","_links":{"self":[{"href":"https:\/\/www.jet-vill.hu\/tr\/wp-json\/wp\/v2\/pages\/832"}],"collection":[{"href":"https:\/\/www.jet-vill.hu\/tr\/wp-json\/wp\/v2\/pages"}],"about":[{"href":"https:\/\/www.jet-vill.hu\/tr\/wp-json\/wp\/v2\/types\/page"}],"author":[{"embeddable":true,"href":"https:\/\/www.jet-vill.hu\/tr\/wp-json\/wp\/v2\/users\/6"}],"replies":[{"embeddable":true,"href":"https:\/\/www.jet-vill.hu\/tr\/wp-json\/wp\/v2\/comments?post=832"}],"version-history":[{"count":3,"href":"https:\/\/www.jet-vill.hu\/tr\/wp-json\/wp\/v2\/pages\/832\/revisions"}],"predecessor-version":[{"id":1198,"href":"https:\/\/www.jet-vill.hu\/tr\/wp-json\/wp\/v2\/pages\/832\/revisions\/1198"}],"wp:attachment":[{"href":"https:\/\/www.jet-vill.hu\/tr\/wp-json\/wp\/v2\/media?parent=832"}],"curies":[{"name":"wp","href":"https:\/\/api.w.org\/{rel}","templated":true}]}}